{"id":4068,"date":"2024-09-22T19:09:40","date_gmt":"2024-09-22T19:09:40","guid":{"rendered":"https:\/\/incent-valuation.com\/?page_id=4068"},"modified":"2024-09-22T19:10:08","modified_gmt":"2024-09-22T19:10:08","slug":"mentions-legales-2","status":"publish","type":"page","link":"https:\/\/incent-valuation.com\/en\/mentions-legales-2\/","title":{"rendered":"Legal Notices"},"content":{"rendered":"<div data-elementor-type=\"wp-page\" data-elementor-id=\"4068\" class=\"elementor elementor-4068\" data-elementor-post-type=\"page\">\n\t\t\t\t<div class=\"elementor-element elementor-element-afbe5b9 e-flex e-con-boxed e-con e-parent\" data-id=\"afbe5b9\" data-element_type=\"container\" data-e-type=\"container\">\n\t\t\t\t\t<div class=\"e-con-inner\">\n\t\t\t\t<div class=\"elementor-element elementor-element-739cada elementor-widget elementor-widget-text-editor\" data-id=\"739cada\" data-element_type=\"widget\" data-e-type=\"widget\" data-widget_type=\"text-editor.default\">\n\t\t\t\t<div class=\"elementor-widget-container\">\n\t\t\t\t\t\t\t\t\t<p><strong>SITE IDENTIFICATION<\/strong><br \/>The following information is provided pursuant to Article 6 of Law No. 2004-575 of June 21, 2004 on Confidence in the Digital Economy<br \/>CNIL declaration number: 785744<\/p><p>The website www.incent-valuation.com is published by:<br \/>INCENT Valuation<br \/>SIRET: 88189742500024<br \/>65 rue d&#039;Anjou 75 008 PARIS<\/p><p>Website URL: www.incent-valuation.com<br \/>hereinafter referred to as \u201cthe Publisher of the Site\u201d<br \/>(The Site Publisher is the owner and operator of the site www.incent-valuation.com)<\/p><p>The website www.incent-valuation.com is hosted by IPSO-FACTO<br \/>hereinafter referred to as \u201cthe Host\u201d<\/p><p><strong>ACCEPTANCE OF TERMS AND CONDITIONS OF USE<\/strong><br \/>The Site Publisher owns and operates this website. Its use implies that you accept all the terms, conditions and notifications contained and cited in this document (the &quot;terms of use&quot;). These general conditions of use only apply to the website and the services of this Site, and not to any third party site.<br \/>If you do not agree to these Terms of Use, please do not use this Site. We reserve the right, at our discretion, to update or change the Terms of Use. Therefore, please check back regularly to see if there have been any changes. Your continued use of the Site after we post any changes to the Terms of Use will be deemed to constitute your acceptance of any changes to the Terms of Use.<\/p><p><strong>PROPERTY RIGHTS<\/strong><br \/>You acknowledge and agree that all content and materials available on this site \u2013 including, but not limited to, maps, programs and software, databases, text, photos, movies, sounds, music, presentation and logos \u2013 are protected by copyright, database protection rights, trademarks, service marks, patents, trade secrets or other proprietary rights and laws. The content and materials available are either exclusively owned and controlled by the Site Publisher or used under license. These terms of use apply to all content and materials available on the site.<br \/>Additionally, when you use content and materials licensed from a third party, you may be bound by that third party&#039;s license agreements. When you receive information from a third party, the identity of the third party will be indicated to you by a logo or other indication.<\/p><p><strong>LIMITED LICENSE GRANT<br \/><\/strong>The content and materials available on this Site may contain other proprietary notices or describe products, services, processes or technologies owned by third parties. Nothing herein shall be construed as constituting a license granted to the user under any copyright, trademark, patent or other intellectual property right owned by any third party, except for the limited right of use expressly set forth below:<br \/>Under a non-exclusive and non-transferable license, you are authorized to print or download one copy of the elements or content of this site to a single individual computer for your personal and non-commercial use, provided that you keep intact all copyright and other proprietary notices. You may use the site for lawful purposes and for your personal use, but in no case for profit or commercial purposes. If you would like information elements to write an article on the site, a press kit is available upon request, only the photos contained in this press kit may be published.<br \/>You agree never to sell, license, rent, distribute, transmit, copy, reproduce, publicly display, publicly perform, publish, adapt, edit, modify, decompile, disassemble, or reverse engineer any such content or material. You agree never to use any of the content or material available on the Site for any commercial purpose. Systematic retrieval of data or otherwise from this Site to create or establish, directly or indirectly, a collection, compilation, database, or directory without the written permission of the Site Publisher is prohibited. In addition, use of the content or material for any purpose not expressly authorized in these Terms of Use is prohibited. You have no ownership rights to the content, material, or derivatives thereof, and the Site Publisher is the sole holder of such rights.<br \/>Failure to comply with any of the clauses of these conditions of use will terminate this license automatically and without notice from the Publisher of the Site.<\/p><p><strong>USE OF THE WEBSITE<\/strong><br \/>You are not authorized to use the Site or its services for illegal purposes such as the publication, distribution or dissemination of any illegal element or information, and in particular:<br \/>\u2013 any proprietary data belonging to a third party, including trademarks and copyrighted data (other than those for which you have a license);<br \/>\u2013 any content that is false, defamatory, obscene, racist or inciting hatred;<br \/>\u2013 any content aimed at harassing a third party or compromising their privacy;<br \/>\u2013 any content inciting crime, suicide or discrimination, hatred or violence on the grounds of racial, ethnic or national difference;<br \/>\u2013 any content likely to harm minor users or violate human dignity;<br \/>In addition, you must not use the Site for the purpose of collecting personal information, including Internet addresses, concerning other users of the Site.<\/p><p><strong>WARRANTY DISCLAIMER<\/strong><br \/>All content is proprietary to the incent-valuation.com website. This site may contain technical inaccuracies or typographical errors. The Site Publisher reserves the right to modify or delete any information or content appearing on this site without prior notice. Neither the Site Publisher nor its content providers, nor the company providing the Internet services to operate this web application, offer any guarantee as to their content. The user assumes all risks of use. No liability lies with the Site Publisher, its suppliers, or its service providers, when using the information contained in this website.<br \/>THE CONTENT AND MATERIALS PROVIDED ON THIS SITE ARE PROVIDED WITHOUT ANY WARRANTY, EITHER EXPRESS OR IMPLIED. NO ADVICE OR INFORMATION PROVIDED BY THE SITE PUBLISHER OR THE HOST, THEIR PARENT OR AFFILIATE COMPANIES OR THEIR RESPECTIVE EMPLOYEES SHALL CREATE A WARRANTY. NEITHER THE SITE PUBLISHER NOR THE HOST, NOR THEIR PARENT OR AFFILIATE COMPANIES WARRANT THE ACCURACY, RELIABILITY OR CORRECTNESS OF THE CONTENT AND MATERIALS ON THE SITE; NOR THE AVAILABILITY OF THE SITE IN ANY LOCATION OR AT ANY TIME; NOR THE ABSENCE OF VIRUSES OR OTHER HARMFUL ELEMENTS IN THE CONTENT, INFORMATION AND SOFTWARE, AND IN ANY ELEMENT ACCESSIBLE FROM THE SITE.<\/p><p><strong>LIMITATION OF LIABILITY<\/strong><br \/>THE SITE PUBLISHER, THE HOST, THEIR PARENT OR AFFILIATE COMPANIES, PARTNERS, SUBSIDIARIES OR LICENSORS ARE IN NO EVENT LIABLE FOR ANY DIRECT OR INDIRECT DAMAGES \u2013 INCLUDING, BUT NOT LIMITED TO, LOSS OF PROFIT, CUSTOMERS OR DATA \u2013 DUE TO THE USE OR INABILITY TO USE THE SITE OR THE CONTENT AND ELEMENTS TO WHICH IT ALLOWS ACCESS. THIS LIMITATION APPLIES, IN TORT OR CONTRACT, EVEN IF THE SITE PUBLISHER OR THE HOST HAS NOT BEEN INFORMED OF THE POSSIBILITY OF SUCH DAMAGE.<\/p><p><strong>COMPENSATION<\/strong><br \/>At its request, you agree to indemnify the Publisher of the Site, its parent or affiliated companies, partners, subsidiaries or licensors as well as their employees, contractors, agents and directors, in the event of their liability being called into question, as well as claims and costs (including attorneys&#039; fees) arising from your use or errors in the use of the site. To the extent possible, you agree to cooperate with the Publisher of the Site for its defense in the context of any case in which you should offer compensation.<\/p><p><strong>THIRD PARTY SITES<\/strong><br \/>No reference to any third-party products, services, processes, hyperlinks or other information by trade name, trademark, manufacturer, supplier or otherwise constitutes or implies any endorsement, approval or recommendation by the Site Publisher, its parent or affiliated companies, partners, subsidiaries or licensors. In addition, the Site may link you to other websites through automated searches, but these sites are not under the control of the Site Publisher. You acknowledge that the Site Publisher is not responsible for the accuracy, copyright compliance, legality, decency or any other aspect of third-party sites.<br \/>Any hyperlink from a third-party site leading to this site requires the prior consent of the Site Publisher, and in particular links to a page other than the home page. A request for such consent may be made by sending a letter using the contact form available on this site.<\/p><p><strong>PRIVACY POLICY<\/strong><br \/>The Publisher of the site has a policy of protecting the privacy of its users. You have at the bottom of each page of the site a link to the privacy policy (Privacy Statement) set up by the Publisher of the site. Please consult it.<\/p><p><strong>GRANT BY THE USER OF A LIMITED LICENSE TO THE SITE EDITOR<\/strong><br \/>By posting, submitting or otherwise transmitting information, content or materials to this Site, including, but not limited to, feedback, data, answers, questions, comments, suggestions, projects, ideas, etc.,<br \/>except as provided by law, you authorize the Publisher of the Site, its parent and affiliated companies, partners, subsidiaries and licensees, to use, reproduce, display, perform, adapt, modify, distribute, have distributed and promote the information, content or elements in any form whatsoever, in any place whatsoever and for any commercial or non-commercial purpose whatsoever, without imposing any restriction or expecting compensation.<\/p><p><strong>USER CONSENT TO VERIFICATION AND DISCLOSURE<\/strong><br \/>The Site Publisher has no obligation to verify the information residing on its site or transmitted to it. However, any person using the site accepts that the Site Publisher periodically verifies the content of the site, (1) to comply with a law, regulation or request from the authorities; (2) to operate the site properly or to protect itself and its users; or (3) for any other reason, at its sole discretion. The Site Publisher reserves the right to modify, refuse or delete any information residing on the site or transmitted to it if the Site Publisher considers, at its sole discretion, that this information is unacceptable or in violation of these conditions of use.<br \/>Except as provided by law, if a user of the data on this site provides this Site with information, including, but not limited to, data, answers, questions, comments, suggestions, projects, ideas, etc., such information will be considered non-confidential and the Site Publisher does not undertake to protect it from disclosure.<\/p><p><strong>PROCEDURE FOR CLAIMS FOR INFRINGEMENT<\/strong><br \/>If you believe that your work has been copied and is accessible on this site in a way that constitutes infringement, you can inform the Site Publisher via the contact form made available on this site.<\/p><p><strong>APPLICABLE LAW AND COMPETENT COURT<\/strong><br \/>These Terms of Use shall be governed by and construed in accordance with the laws of France. The license agreements governing your use of third-party materials on the Site may contain provisions requiring the intervention of foreign courts for the resolution of disputes relating to such agreements. When you receive information from a third party, a logo or other indication appears to allow you to identify the third party.<\/p><p><strong>SEVERABILITY AND ENTIRETY<\/strong><br \/>Unless otherwise specified herein, this Agreement constitutes the entire agreement between you and the Site Publisher with respect to the Site, and supersedes all prior or contemporaneous communications and proposals (whether oral, written or electronic) with respect to this Site between you and the Site Publisher, its parent or affiliated companies or licensors. If any part of these Terms of Use is held to be invalid or unenforceable, it shall be construed in accordance with applicable law to best reflect the original intentions of the parties, and the remainder of these Terms of Use shall remain in full force and effect.<\/p><p><strong>TERMINATION<\/strong><br \/>The Site Publisher reserves the right, at its sole discretion, to terminate your access to all or part of this site, with or without notice.<\/p><p><strong>EXPORT<\/strong><br \/>You agree never to export to any destination any part of the Content or Materials provided to you, or any product directly obtained from such Content or Materials, except in accordance with applicable export laws, regulations and rules.<\/p><p><strong>COPYRIGHT AND TRADEMARK NOTICE<\/strong><br \/>www.incent-valuation.com. All rights reserved.<br \/>Reproduction of any material from this site or any other content found on the website other than as expressly contemplated herein is strictly prohibited. Use of all documents, associated graphics and any other material provided on this website is subject to the terms of use set out above.<\/p><p><strong>Trademarks<br \/><\/strong>The name incent valuation, its logo, and all related product and service names, designs, brands and slogans are registered trademarks, service marks or registered trademarks of the Site Publisher, and may not be used for commercial purposes without its prior written consent. All other product and service marks on this site are registered trademarks of their respective owners.<\/p><p><strong>Other Copyright Notices<br \/><\/strong>Other copyright notices relate to third-party data used to create this Internet service.<\/p><p><strong>CONTACT<\/strong><br \/>For further information regarding legal issues contained in these Terms of Use, or questions or concerns regarding this Service, please write using the contact form provided on this site.<\/p><p>INCENT Valuation \u2013 65 rue d&#039;Anjou 75 008 PARIS<\/p><p><em>Unless expressly authorized by INCENT Valuation, none of these elements may be copied or distributed.<\/em><\/p>\t\t\t\t\t\t\t\t<\/div>\n\t\t\t\t<\/div>\n\t\t\t\t\t<\/div>\n\t\t\t\t<\/div>\n\t\t\t\t<\/div>","protected":false},"excerpt":{"rendered":"<p>SITE IDENTIFICATIONThe following information is provided pursuant to Article 6 of Law No. 2004-575 of June 21, 2004 on Confidence in the Digital EconomyCNIL declaration number: 785744 The website www.incent-valuation.com is published by:INCENT ValuationSIRET: 8818974250002465 rue d&#039;Anjou 75 008 PARIS Website URL: www.incent-valuation.comhereinafter referred to as &quot;the Publisher\u2026 <\/p>\n<p class=\"more-link-container wp-block-button is-style-outline\"><a href=\"https:\/\/incent-valuation.com\/en\/mentions-legales-2\/\" class=\"more-link wp-block-button__link\">Continue reading <span class=\"screen-reader-text\">Legal Notices<\/span><\/a><\/p>","protected":false},"author":7,"featured_media":0,"parent":0,"menu_order":0,"comment_status":"closed","ping_status":"closed","template":"","meta":{"footnotes":""},"class_list":["post-4068","page","type-page","status-publish","hentry"],"yoast_head":"<!-- This site is optimized with the Yoast SEO plugin v27.1.1 - https:\/\/yoast.com\/product\/yoast-seo-wordpress\/ -->\n<title>Mentions L\u00e9gales - INCENT-VALUATION.COM<\/title>\n<meta name=\"robots\" content=\"index, follow, max-snippet:-1, max-image-preview:large, max-video-preview:-1\" \/>\n<link rel=\"canonical\" href=\"https:\/\/incent-valuation.com\/en\/mentions-legales-2\/\" \/>\n<meta property=\"og:locale\" content=\"en_GB\" \/>\n<meta property=\"og:type\" content=\"article\" \/>\n<meta property=\"og:title\" content=\"Mentions L\u00e9gales - INCENT-VALUATION.COM\" \/>\n<meta property=\"og:description\" content=\"DENTIFICATION DU SITELes informations suivantes sont fournies en vertu de l\u2019Article 6 de LOI n\u00b0 2004-575 du 21 juin 2004 pour la Confiance dans l\u2019Economie Num\u00e9riqueN\u00b0 de d\u00e9claration CNIL : 785744 Le site Internet www.incent-valuation.com est \u00e9dit\u00e9 par :INCENT ValuationSIRET : 8818974250002465 rue d\u2019Anjou 75 008 PARIS URL du site : www.incent-valuation.comci-apr\u00e8s d\u00e9nomm\u00e9 \u00ab l\u2019Editeur&#x2026; Continue reading Mentions L\u00e9gales\" \/>\n<meta property=\"og:url\" content=\"https:\/\/incent-valuation.com\/en\/mentions-legales-2\/\" \/>\n<meta property=\"og:site_name\" content=\"INCENT-VALUATION.COM\" \/>\n<meta property=\"article:modified_time\" content=\"2024-09-22T19:10:08+00:00\" \/>\n<meta name=\"twitter:card\" content=\"summary_large_image\" \/>\n<meta name=\"twitter:label1\" content=\"Estimated reading time\" \/>\n\t<meta name=\"twitter:data1\" content=\"13 minutes\" \/>\n<script type=\"application\/ld+json\" class=\"yoast-schema-graph\">{\"@context\":\"https:\/\/schema.org\",\"@graph\":[{\"@type\":\"WebPage\",\"@id\":\"https:\/\/incent-valuation.com\/mentions-legales-2\/\",\"url\":\"https:\/\/incent-valuation.com\/mentions-legales-2\/\",\"name\":\"Mentions L\u00e9gales - INCENT-VALUATION.COM\",\"isPartOf\":{\"@id\":\"https:\/\/incent-valuation.com\/#website\"},\"datePublished\":\"2024-09-22T19:09:40+00:00\",\"dateModified\":\"2024-09-22T19:10:08+00:00\",\"breadcrumb\":{\"@id\":\"https:\/\/incent-valuation.com\/mentions-legales-2\/#breadcrumb\"},\"inLanguage\":\"en-GB\",\"potentialAction\":[{\"@type\":\"ReadAction\",\"target\":[\"https:\/\/incent-valuation.com\/mentions-legales-2\/\"]}]},{\"@type\":\"BreadcrumbList\",\"@id\":\"https:\/\/incent-valuation.com\/mentions-legales-2\/#breadcrumb\",\"itemListElement\":[{\"@type\":\"ListItem\",\"position\":1,\"name\":\"Accueil\",\"item\":\"https:\/\/incent-valuation.com\/\"},{\"@type\":\"ListItem\",\"position\":2,\"name\":\"Mentions L\u00e9gales\"}]},{\"@type\":\"WebSite\",\"@id\":\"https:\/\/incent-valuation.com\/#website\",\"url\":\"https:\/\/incent-valuation.com\/\",\"name\":\"INCENT-VALUATION.COM\",\"description\":\"Evaluation financi\u00e8re, Transaction services et Assistance contentieux\",\"publisher\":{\"@id\":\"https:\/\/incent-valuation.com\/#organization\"},\"potentialAction\":[{\"@type\":\"SearchAction\",\"target\":{\"@type\":\"EntryPoint\",\"urlTemplate\":\"https:\/\/incent-valuation.com\/?s={search_term_string}\"},\"query-input\":{\"@type\":\"PropertyValueSpecification\",\"valueRequired\":true,\"valueName\":\"search_term_string\"}}],\"inLanguage\":\"en-GB\"},{\"@type\":\"Organization\",\"@id\":\"https:\/\/incent-valuation.com\/#organization\",\"name\":\"Incent Valuation\",\"url\":\"https:\/\/incent-valuation.com\/\",\"logo\":{\"@type\":\"ImageObject\",\"inLanguage\":\"en-GB\",\"@id\":\"https:\/\/incent-valuation.com\/#\/schema\/logo\/image\/\",\"url\":\"https:\/\/incent-valuation.com\/wp-content\/uploads\/2020\/02\/cropped-INCENT-VALUATION-LOGO-blc-TRANSP-ombre.png\",\"contentUrl\":\"https:\/\/incent-valuation.com\/wp-content\/uploads\/2020\/02\/cropped-INCENT-VALUATION-LOGO-blc-TRANSP-ombre.png\",\"width\":1248,\"height\":594,\"caption\":\"Incent Valuation\"},\"image\":{\"@id\":\"https:\/\/incent-valuation.com\/#\/schema\/logo\/image\/\"},\"sameAs\":[\"https:\/\/www.linkedin.com\/company\/incent-valuation\/\"]}]}<\/script>\n<!-- \/ Yoast SEO plugin. -->","yoast_head_json":{"title":"Legal Notices - INCENT-VALUATION.COM","robots":{"index":"index","follow":"follow","max-snippet":"max-snippet:-1","max-image-preview":"max-image-preview:large","max-video-preview":"max-video-preview:-1"},"canonical":"https:\/\/incent-valuation.com\/en\/mentions-legales-2\/","og_locale":"en_GB","og_type":"article","og_title":"Mentions L\u00e9gales - INCENT-VALUATION.COM","og_description":"DENTIFICATION DU SITELes informations suivantes sont fournies en vertu de l\u2019Article 6 de LOI n\u00b0 2004-575 du 21 juin 2004 pour la Confiance dans l\u2019Economie Num\u00e9riqueN\u00b0 de d\u00e9claration CNIL : 785744 Le site Internet www.incent-valuation.com est \u00e9dit\u00e9 par :INCENT ValuationSIRET : 8818974250002465 rue d\u2019Anjou 75 008 PARIS URL du site : www.incent-valuation.comci-apr\u00e8s d\u00e9nomm\u00e9 \u00ab l\u2019Editeur&#x2026; Continue reading Mentions L\u00e9gales","og_url":"https:\/\/incent-valuation.com\/en\/mentions-legales-2\/","og_site_name":"INCENT-VALUATION.COM","article_modified_time":"2024-09-22T19:10:08+00:00","twitter_card":"summary_large_image","twitter_misc":{"Estimated reading time":"13 minutes"},"schema":{"@context":"https:\/\/schema.org","@graph":[{"@type":"WebPage","@id":"https:\/\/incent-valuation.com\/mentions-legales-2\/","url":"https:\/\/incent-valuation.com\/mentions-legales-2\/","name":"Legal Notices - INCENT-VALUATION.COM","isPartOf":{"@id":"https:\/\/incent-valuation.com\/#website"},"datePublished":"2024-09-22T19:09:40+00:00","dateModified":"2024-09-22T19:10:08+00:00","breadcrumb":{"@id":"https:\/\/incent-valuation.com\/mentions-legales-2\/#breadcrumb"},"inLanguage":"en-GB","potentialAction":[{"@type":"ReadAction","target":["https:\/\/incent-valuation.com\/mentions-legales-2\/"]}]},{"@type":"BreadcrumbList","@id":"https:\/\/incent-valuation.com\/mentions-legales-2\/#breadcrumb","itemListElement":[{"@type":"ListItem","position":1,"name":"Accueil","item":"https:\/\/incent-valuation.com\/"},{"@type":"ListItem","position":2,"name":"Mentions L\u00e9gales"}]},{"@type":"WebSite","@id":"https:\/\/incent-valuation.com\/#website","url":"https:\/\/incent-valuation.com\/","name":"INCENT-VALUATION.COM","description":"Financial evaluation, Transaction services and Litigation assistance","publisher":{"@id":"https:\/\/incent-valuation.com\/#organization"},"potentialAction":[{"@type":"SearchAction","target":{"@type":"EntryPoint","urlTemplate":"https:\/\/incent-valuation.com\/?s={search_term_string}"},"query-input":{"@type":"PropertyValueSpecification","valueRequired":true,"valueName":"search_term_string"}}],"inLanguage":"en-GB"},{"@type":"Organization","@id":"https:\/\/incent-valuation.com\/#organization","name":"Incent Valuation","url":"https:\/\/incent-valuation.com\/","logo":{"@type":"ImageObject","inLanguage":"en-GB","@id":"https:\/\/incent-valuation.com\/#\/schema\/logo\/image\/","url":"https:\/\/incent-valuation.com\/wp-content\/uploads\/2020\/02\/cropped-INCENT-VALUATION-LOGO-blc-TRANSP-ombre.png","contentUrl":"https:\/\/incent-valuation.com\/wp-content\/uploads\/2020\/02\/cropped-INCENT-VALUATION-LOGO-blc-TRANSP-ombre.png","width":1248,"height":594,"caption":"Incent Valuation"},"image":{"@id":"https:\/\/incent-valuation.com\/#\/schema\/logo\/image\/"},"sameAs":["https:\/\/www.linkedin.com\/company\/incent-valuation\/"]}]}},"_links":{"self":[{"href":"https:\/\/incent-valuation.com\/en\/wp-json\/wp\/v2\/pages\/4068","targetHints":{"allow":["GET"]}}],"collection":[{"href":"https:\/\/incent-valuation.com\/en\/wp-json\/wp\/v2\/pages"}],"about":[{"href":"https:\/\/incent-valuation.com\/en\/wp-json\/wp\/v2\/types\/page"}],"author":[{"embeddable":true,"href":"https:\/\/incent-valuation.com\/en\/wp-json\/wp\/v2\/users\/7"}],"replies":[{"embeddable":true,"href":"https:\/\/incent-valuation.com\/en\/wp-json\/wp\/v2\/comments?post=4068"}],"version-history":[{"count":4,"href":"https:\/\/incent-valuation.com\/en\/wp-json\/wp\/v2\/pages\/4068\/revisions"}],"predecessor-version":[{"id":4072,"href":"https:\/\/incent-valuation.com\/en\/wp-json\/wp\/v2\/pages\/4068\/revisions\/4072"}],"wp:attachment":[{"href":"https:\/\/incent-valuation.com\/en\/wp-json\/wp\/v2\/media?parent=4068"}],"curies":[{"name":"wp","href":"https:\/\/api.w.org\/{rel}","templated":true}]}}