{"id":1539,"date":"2024-04-26T18:08:57","date_gmt":"2024-04-26T18:08:57","guid":{"rendered":"https:\/\/incent-valuation.com\/?page_id=1539"},"modified":"2025-07-03T09:41:51","modified_gmt":"2025-07-03T09:41:51","slug":"contact-3","status":"publish","type":"page","link":"https:\/\/incent-valuation.com\/en\/contact-3\/","title":{"rendered":"Contact test"},"content":{"rendered":"\t\t<div data-elementor-type=\"wp-page\" data-elementor-id=\"1539\" class=\"elementor elementor-1539\" data-elementor-post-type=\"page\">\n\t\t\t\t<div class=\"elementor-element elementor-element-1bb21fe e-con-full e-flex e-con e-parent\" data-id=\"1bb21fe\" data-element_type=\"container\" data-e-type=\"container\" data-settings=\"{&quot;background_background&quot;:&quot;classic&quot;}\">\n\t\t\t\t<div class=\"elementor-element elementor-element-72560ae elementor-widget elementor-widget-heading\" data-id=\"72560ae\" data-element_type=\"widget\" data-e-type=\"widget\" data-widget_type=\"heading.default\">\n\t\t\t\t<div class=\"elementor-widget-container\">\n\t\t\t\t\t<h2 class=\"elementor-heading-title elementor-size-default\">Un interlocuteur d\u00e9di\u00e9 pour r\u00e9pondre \u00e0 vos besoins<\/h2>\t\t\t\t<\/div>\n\t\t\t\t<\/div>\n\t\t\t\t<\/div>\n\t\t<div class=\"elementor-element elementor-element-566deff0 e-con-full e-flex e-con e-parent\" data-id=\"566deff0\" data-element_type=\"container\" data-e-type=\"container\" data-settings=\"{&quot;background_background&quot;:&quot;classic&quot;}\">\n\t\t<div class=\"elementor-element elementor-element-641668cf e-con-full e-flex e-con e-child\" data-id=\"641668cf\" data-element_type=\"container\" data-e-type=\"container\">\n\t\t<div class=\"elementor-element elementor-element-176aa50d e-con-full e-flex e-con e-child\" data-id=\"176aa50d\" data-element_type=\"container\" data-e-type=\"container\">\n\t\t\t\t<div class=\"elementor-element elementor-element-35431b11 elementor-widget elementor-widget-icon-box\" data-id=\"35431b11\" data-element_type=\"widget\" data-e-type=\"widget\" data-widget_type=\"icon-box.default\">\n\t\t\t\t<div class=\"elementor-widget-container\">\n\t\t\t\t\t\t\t<div class=\"elementor-icon-box-wrapper\">\n\n\t\t\t\n\t\t\t\t\t\t<div class=\"elementor-icon-box-content\">\n\n\t\t\t\t\t\t\t\t\t<h3 class=\"elementor-icon-box-title\">\n\t\t\t\t\t\t<span  >\n\t\t\t\t\t\t\tRendez-nous visite \t\t\t\t\t\t<\/span>\n\t\t\t\t\t<\/h3>\n\t\t\t\t\n\t\t\t\t\t\t\t\t\t<p class=\"elementor-icon-box-description\">\n\t\t\t\t\t\t56 rue de Londres, 75009 PARIS\t\t\t\t\t<\/p>\n\t\t\t\t\n\t\t\t<\/div>\n\t\t\t\n\t\t<\/div>\n\t\t\t\t\t\t<\/div>\n\t\t\t\t<\/div>\n\t\t\t\t<div class=\"elementor-element elementor-element-4e77c34f elementor-widget elementor-widget-icon-box\" data-id=\"4e77c34f\" data-element_type=\"widget\" data-e-type=\"widget\" data-widget_type=\"icon-box.default\">\n\t\t\t\t<div class=\"elementor-widget-container\">\n\t\t\t\t\t\t\t<div class=\"elementor-icon-box-wrapper\">\n\n\t\t\t\n\t\t\t\t\t\t<div class=\"elementor-icon-box-content\">\n\n\t\t\t\t\t\t\t\t\t<h3 class=\"elementor-icon-box-title\">\n\t\t\t\t\t\t<span  >\n\t\t\t\t\t\t\tEnvoyez-nous un e-mail\t\t\t\t\t\t<\/span>\n\t\t\t\t\t<\/h3>\n\t\t\t\t\n\t\t\t\t\t\t\t\t\t<p class=\"elementor-icon-box-description\">\n\t\t\t\t\t\tcontact@incent-valuation.com\t\t\t\t\t<\/p>\n\t\t\t\t\n\t\t\t<\/div>\n\t\t\t\n\t\t<\/div>\n\t\t\t\t\t\t<\/div>\n\t\t\t\t<\/div>\n\t\t\t\t<div class=\"elementor-element elementor-element-7df9ab09 elementor-widget elementor-widget-icon-box\" data-id=\"7df9ab09\" data-element_type=\"widget\" data-e-type=\"widget\" data-widget_type=\"icon-box.default\">\n\t\t\t\t<div class=\"elementor-widget-container\">\n\t\t\t\t\t\t\t<div class=\"elementor-icon-box-wrapper\">\n\n\t\t\t\n\t\t\t\t\t\t<div class=\"elementor-icon-box-content\">\n\n\t\t\t\t\t\t\t\t\t<h3 class=\"elementor-icon-box-title\">\n\t\t\t\t\t\t<span  >\n\t\t\t\t\t\t\tAppelez-nous\t\t\t\t\t\t<\/span>\n\t\t\t\t\t<\/h3>\n\t\t\t\t\n\t\t\t\t\t\t\t\t\t<p class=\"elementor-icon-box-description\">\n\t\t\t\t\t\t+33 (0)1.76.21.05.05\t\t\t\t\t<\/p>\n\t\t\t\t\n\t\t\t<\/div>\n\t\t\t\n\t\t<\/div>\n\t\t\t\t\t\t<\/div>\n\t\t\t\t<\/div>\n\t\t\t\t<\/div>\n\t\t<div class=\"elementor-element elementor-element-58ffdfab e-con-full e-flex e-con e-child\" data-id=\"58ffdfab\" data-element_type=\"container\" data-e-type=\"container\">\n\t\t\t\t<div class=\"elementor-element elementor-element-6a712f0 elementor-button-align-end elementor-mobile-button-align-center elementor-widget elementor-widget-form\" data-id=\"6a712f0\" data-element_type=\"widget\" data-e-type=\"widget\" data-settings=\"{&quot;step_next_label&quot;:&quot;Apr\\u00e8s&quot;,&quot;step_previous_label&quot;:&quot;Avant &quot;,&quot;button_width&quot;:&quot;100&quot;,&quot;step_type&quot;:&quot;number_text&quot;,&quot;step_icon_shape&quot;:&quot;circle&quot;}\" data-widget_type=\"form.default\">\n\t\t\t\t<div class=\"elementor-widget-container\">\n\t\t\t\t\t\t\t<form class=\"elementor-form\" method=\"post\" name=\"New Form\" aria-label=\"New Form\">\n\t\t\t<input type=\"hidden\" name=\"post_id\" value=\"1539\"\/>\n\t\t\t<input type=\"hidden\" name=\"form_id\" value=\"6a712f0\"\/>\n\t\t\t<input type=\"hidden\" name=\"referer_title\" value=\"Contactez-Nous - Incent Valuation \u00e0 Paris\" \/>\n\n\t\t\t\t\t\t\t<input type=\"hidden\" name=\"queried_id\" value=\"1539\"\/>\n\t\t\t\n\t\t\t<div class=\"elementor-form-fields-wrapper elementor-labels-\">\n\t\t\t\t\t\t\t\t<div class=\"elementor-field-type-text elementor-field-group elementor-column elementor-field-group-name elementor-col-50 elementor-field-required\">\n\t\t\t\t\t\t\t\t\t\t\t\t<label for=\"form-field-name\" class=\"elementor-field-label elementor-screen-only\">\n\t\t\t\t\t\t\t\tNom\t\t\t\t\t\t\t<\/label>\n\t\t\t\t\t\t\t\t\t\t\t\t\t\t<input size=\"1\" type=\"text\" name=\"form_fields[name]\" id=\"form-field-name\" class=\"elementor-field elementor-size-sm  elementor-field-textual\" placeholder=\"Nom\" required=\"required\">\n\t\t\t\t\t\t\t\t\t\t\t<\/div>\n\t\t\t\t\t\t\t\t<div class=\"elementor-field-type-text elementor-field-group elementor-column elementor-field-group-field_5e63ec7 elementor-col-50 elementor-field-required\">\n\t\t\t\t\t\t\t\t\t\t\t\t<label for=\"form-field-field_5e63ec7\" class=\"elementor-field-label elementor-screen-only\">\n\t\t\t\t\t\t\t\tPr\u00e9nom\t\t\t\t\t\t\t<\/label>\n\t\t\t\t\t\t\t\t\t\t\t\t\t\t<input size=\"1\" type=\"text\" name=\"form_fields[field_5e63ec7]\" id=\"form-field-field_5e63ec7\" class=\"elementor-field elementor-size-sm  elementor-field-textual\" placeholder=\"Pr\u00e9nom\" required=\"required\">\n\t\t\t\t\t\t\t\t\t\t\t<\/div>\n\t\t\t\t\t\t\t\t<div class=\"elementor-field-type-text\">\n\t\t\t\t\t<input size=\"1\" type=\"text\" name=\"form_fields[field_098e9c6]\" id=\"form-field-field_098e9c6\" class=\"elementor-field elementor-size-sm \" style=\"display:none !important;\">\t\t\t\t<\/div>\n\t\t\t\t\t\t\t\t<div class=\"elementor-field-type-text elementor-field-group elementor-column elementor-field-group-field_616234f elementor-col-50\">\n\t\t\t\t\t\t\t\t\t\t\t\t<label for=\"form-field-field_616234f\" class=\"elementor-field-label elementor-screen-only\">\n\t\t\t\t\t\t\t\tRaison Sociale\t\t\t\t\t\t\t<\/label>\n\t\t\t\t\t\t\t\t\t\t\t\t\t\t<input size=\"1\" type=\"text\" name=\"form_fields[field_616234f]\" id=\"form-field-field_616234f\" class=\"elementor-field elementor-size-sm  elementor-field-textual\" placeholder=\"Raison Sociale*\">\n\t\t\t\t\t\t\t\t\t\t\t<\/div>\n\t\t\t\t\t\t\t\t<div class=\"elementor-field-type-tel elementor-field-group elementor-column elementor-field-group-field_f5f1e1b elementor-col-50 elementor-field-required\">\n\t\t\t\t\t\t\t\t\t\t\t\t<label for=\"form-field-field_f5f1e1b\" class=\"elementor-field-label elementor-screen-only\">\n\t\t\t\t\t\t\t\tNum\u00e9ro de t\u00e9l\u00e9phone\t\t\t\t\t\t\t<\/label>\n\t\t\t\t\t\t\t\t<input size=\"1\" type=\"tel\" name=\"form_fields[field_f5f1e1b]\" id=\"form-field-field_f5f1e1b\" class=\"elementor-field elementor-size-sm  elementor-field-textual\" placeholder=\"Num\u00e9ro de t\u00e9l\u00e9phone\" required=\"required\" pattern=\"[0-9()#&amp;+*-=.]+\" title=\"Seuls les caract\u00e8res de num\u00e9ros de t\u00e9l\u00e9phone (#, -, *, etc.) sont accept\u00e9s.\">\n\n\t\t\t\t\t\t<\/div>\n\t\t\t\t\t\t\t\t<div class=\"elementor-field-type-email elementor-field-group elementor-column elementor-field-group-email elementor-col-100 elementor-field-required\">\n\t\t\t\t\t\t\t\t\t\t\t\t<label for=\"form-field-email\" class=\"elementor-field-label elementor-screen-only\">\n\t\t\t\t\t\t\t\tAdresse e-mail\t\t\t\t\t\t\t<\/label>\n\t\t\t\t\t\t\t\t\t\t\t\t\t\t<input size=\"1\" type=\"email\" name=\"form_fields[email]\" id=\"form-field-email\" class=\"elementor-field elementor-size-sm  elementor-field-textual\" placeholder=\"Entrez votre adresse e-mail\" required=\"required\">\n\t\t\t\t\t\t\t\t\t\t\t<\/div>\n\t\t\t\t\t\t\t\t<div class=\"elementor-field-type-textarea elementor-field-group elementor-column elementor-field-group-message elementor-col-100 elementor-field-required\">\n\t\t\t\t\t\t\t\t\t\t\t\t<label for=\"form-field-message\" class=\"elementor-field-label elementor-screen-only\">\n\t\t\t\t\t\t\t\tMessage\t\t\t\t\t\t\t<\/label>\n\t\t\t\t\t\t<textarea class=\"elementor-field-textual elementor-field  elementor-size-sm\" name=\"form_fields[message]\" id=\"form-field-message\" rows=\"4\" placeholder=\"Dites-nous comment nous pouvons vous aider\" required=\"required\"><\/textarea>\t\t\t\t<\/div>\n\t\t\t\t\t\t\t\t<div class=\"elementor-field-type-text\">\n\t\t\t\t\t<input size=\"1\" type=\"text\" name=\"form_fields[field_4583a46]\" id=\"form-field-field_4583a46\" class=\"elementor-field elementor-size-sm \" style=\"display:none !important;\">\t\t\t\t<\/div>\n\t\t\t\t\t\t\t\t<div class=\"elementor-field-type-recaptcha_v3 elementor-field-group elementor-column elementor-field-group-field_3176536 elementor-col-100 recaptcha_v3-inline\">\n\t\t\t\t\t<div class=\"elementor-field\" id=\"form-field-field_3176536\"><div class=\"elementor-g-recaptcha\" data-sitekey=\"6LcW10sqAAAAADGqzDiSsUXbU2KhSJYYWW5nIgND\" data-type=\"v3\" data-action=\"Form\" data-badge=\"inline\" data-size=\"invisible\"><\/div><\/div>\t\t\t\t<\/div>\n\t\t\t\t\t\t\t\t<div class=\"elementor-field-group elementor-column elementor-field-type-submit elementor-col-100 e-form__buttons\">\n\t\t\t\t\t<button class=\"elementor-button elementor-size-md elementor-animation-grow\" type=\"submit\">\n\t\t\t\t\t\t<span class=\"elementor-button-content-wrapper\">\n\t\t\t\t\t\t\t\t\t\t\t\t\t\t\t\t\t\t\t\t\t\t<span class=\"elementor-button-text\">Envoyer <\/span>\n\t\t\t\t\t\t\t\t\t\t\t\t\t<\/span>\n\t\t\t\t\t<\/button>\n\t\t\t\t<\/div>\n\t\t\t<\/div>\n\t\t<\/form>\n\t\t\t\t\t\t<\/div>\n\t\t\t\t<\/div>\n\t\t\t\t<\/div>\n\t\t\t\t<\/div>\n\t\t\t\t<\/div>\n\t\t\t\t<\/div>\n\t\t","protected":false},"excerpt":{"rendered":"<p>A dedicated contact to meet your needs Visit us at 56 rue de Londres, 75009 PARIS Send us an email contact@incent-valuation.com Call us +33 (0)1.76.21.05.05<\/p>","protected":false},"author":7,"featured_media":0,"parent":0,"menu_order":0,"comment_status":"closed","ping_status":"closed","template":"elementor_header_footer","meta":{"footnotes":""},"class_list":["post-1539","page","type-page","status-publish","hentry"],"yoast_head":"<!-- This site is optimized with the Yoast SEO plugin v27.1.1 - https:\/\/yoast.com\/product\/yoast-seo-wordpress\/ -->\n<title>Contactez-Nous - Incent Valuation \u00e0 Paris<\/title>\n<meta name=\"description\" content=\"Contactez nos experts financiers \u00e0 Paris pour tous vos besoins en \u00e9valuation financi\u00e8re, assistance en contentieux, services transactionnels.\" \/>\n<meta name=\"robots\" content=\"index, follow, max-snippet:-1, max-image-preview:large, max-video-preview:-1\" \/>\n<link rel=\"canonical\" href=\"https:\/\/incent-valuation.com\/en\/contact-3\/\" \/>\n<meta property=\"og:locale\" content=\"en_GB\" \/>\n<meta property=\"og:type\" content=\"article\" \/>\n<meta property=\"og:title\" content=\"Contactez-Nous - Incent Valuation \u00e0 Paris\" \/>\n<meta property=\"og:description\" content=\"Contactez nos experts financiers \u00e0 Paris pour tous vos besoins en \u00e9valuation financi\u00e8re, assistance en contentieux, services transactionnels.\" \/>\n<meta property=\"og:url\" content=\"https:\/\/incent-valuation.com\/en\/contact-3\/\" \/>\n<meta property=\"og:site_name\" content=\"INCENT-VALUATION.COM\" \/>\n<meta property=\"article:modified_time\" content=\"2025-07-03T09:41:51+00:00\" \/>\n<meta name=\"twitter:card\" content=\"summary_large_image\" \/>\n<meta name=\"twitter:label1\" content=\"Estimated reading time\" \/>\n\t<meta name=\"twitter:data1\" content=\"1 minute\" \/>\n<script type=\"application\/ld+json\" class=\"yoast-schema-graph\">{\"@context\":\"https:\/\/schema.org\",\"@graph\":[{\"@type\":\"WebPage\",\"@id\":\"https:\/\/incent-valuation.com\/contact-3\/\",\"url\":\"https:\/\/incent-valuation.com\/contact-3\/\",\"name\":\"Contactez-Nous - Incent Valuation \u00e0 Paris\",\"isPartOf\":{\"@id\":\"https:\/\/incent-valuation.com\/#website\"},\"datePublished\":\"2024-04-26T18:08:57+00:00\",\"dateModified\":\"2025-07-03T09:41:51+00:00\",\"description\":\"Contactez nos experts financiers \u00e0 Paris pour tous vos besoins en \u00e9valuation financi\u00e8re, assistance en contentieux, services transactionnels.\",\"breadcrumb\":{\"@id\":\"https:\/\/incent-valuation.com\/contact-3\/#breadcrumb\"},\"inLanguage\":\"en-GB\",\"potentialAction\":[{\"@type\":\"ReadAction\",\"target\":[\"https:\/\/incent-valuation.com\/contact-3\/\"]}]},{\"@type\":\"BreadcrumbList\",\"@id\":\"https:\/\/incent-valuation.com\/contact-3\/#breadcrumb\",\"itemListElement\":[{\"@type\":\"ListItem\",\"position\":1,\"name\":\"Accueil\",\"item\":\"https:\/\/incent-valuation.com\/\"},{\"@type\":\"ListItem\",\"position\":2,\"name\":\"Contact test\"}]},{\"@type\":\"WebSite\",\"@id\":\"https:\/\/incent-valuation.com\/#website\",\"url\":\"https:\/\/incent-valuation.com\/\",\"name\":\"INCENT-VALUATION.COM\",\"description\":\"Evaluation financi\u00e8re, Transaction services et Assistance contentieux\",\"publisher\":{\"@id\":\"https:\/\/incent-valuation.com\/#organization\"},\"potentialAction\":[{\"@type\":\"SearchAction\",\"target\":{\"@type\":\"EntryPoint\",\"urlTemplate\":\"https:\/\/incent-valuation.com\/?s={search_term_string}\"},\"query-input\":{\"@type\":\"PropertyValueSpecification\",\"valueRequired\":true,\"valueName\":\"search_term_string\"}}],\"inLanguage\":\"en-GB\"},{\"@type\":\"Organization\",\"@id\":\"https:\/\/incent-valuation.com\/#organization\",\"name\":\"Incent Valuation\",\"url\":\"https:\/\/incent-valuation.com\/\",\"logo\":{\"@type\":\"ImageObject\",\"inLanguage\":\"en-GB\",\"@id\":\"https:\/\/incent-valuation.com\/#\/schema\/logo\/image\/\",\"url\":\"https:\/\/incent-valuation.com\/wp-content\/uploads\/2020\/02\/cropped-INCENT-VALUATION-LOGO-blc-TRANSP-ombre.png\",\"contentUrl\":\"https:\/\/incent-valuation.com\/wp-content\/uploads\/2020\/02\/cropped-INCENT-VALUATION-LOGO-blc-TRANSP-ombre.png\",\"width\":1248,\"height\":594,\"caption\":\"Incent Valuation\"},\"image\":{\"@id\":\"https:\/\/incent-valuation.com\/#\/schema\/logo\/image\/\"},\"sameAs\":[\"https:\/\/www.linkedin.com\/company\/incent-valuation\/\"]}]}<\/script>\n<!-- \/ Yoast SEO plugin. -->","yoast_head_json":{"title":"Contact Us - Incent Valuation in Paris","description":"Contact our financial experts in Paris for all your financial assessment, litigation assistance, and transactional services needs.","robots":{"index":"index","follow":"follow","max-snippet":"max-snippet:-1","max-image-preview":"max-image-preview:large","max-video-preview":"max-video-preview:-1"},"canonical":"https:\/\/incent-valuation.com\/en\/contact-3\/","og_locale":"en_GB","og_type":"article","og_title":"Contactez-Nous - Incent Valuation \u00e0 Paris","og_description":"Contactez nos experts financiers \u00e0 Paris pour tous vos besoins en \u00e9valuation financi\u00e8re, assistance en contentieux, services transactionnels.","og_url":"https:\/\/incent-valuation.com\/en\/contact-3\/","og_site_name":"INCENT-VALUATION.COM","article_modified_time":"2025-07-03T09:41:51+00:00","twitter_card":"summary_large_image","twitter_misc":{"Estimated reading time":"1 minute"},"schema":{"@context":"https:\/\/schema.org","@graph":[{"@type":"WebPage","@id":"https:\/\/incent-valuation.com\/contact-3\/","url":"https:\/\/incent-valuation.com\/contact-3\/","name":"Contact Us - Incent Valuation in Paris","isPartOf":{"@id":"https:\/\/incent-valuation.com\/#website"},"datePublished":"2024-04-26T18:08:57+00:00","dateModified":"2025-07-03T09:41:51+00:00","description":"Contact our financial experts in Paris for all your financial assessment, litigation assistance, and transactional services needs.","breadcrumb":{"@id":"https:\/\/incent-valuation.com\/contact-3\/#breadcrumb"},"inLanguage":"en-GB","potentialAction":[{"@type":"ReadAction","target":["https:\/\/incent-valuation.com\/contact-3\/"]}]},{"@type":"BreadcrumbList","@id":"https:\/\/incent-valuation.com\/contact-3\/#breadcrumb","itemListElement":[{"@type":"ListItem","position":1,"name":"Accueil","item":"https:\/\/incent-valuation.com\/"},{"@type":"ListItem","position":2,"name":"Contact test"}]},{"@type":"WebSite","@id":"https:\/\/incent-valuation.com\/#website","url":"https:\/\/incent-valuation.com\/","name":"INCENT-VALUATION.COM","description":"Financial evaluation, Transaction services and Litigation assistance","publisher":{"@id":"https:\/\/incent-valuation.com\/#organization"},"potentialAction":[{"@type":"SearchAction","target":{"@type":"EntryPoint","urlTemplate":"https:\/\/incent-valuation.com\/?s={search_term_string}"},"query-input":{"@type":"PropertyValueSpecification","valueRequired":true,"valueName":"search_term_string"}}],"inLanguage":"en-GB"},{"@type":"Organization","@id":"https:\/\/incent-valuation.com\/#organization","name":"Incent Valuation","url":"https:\/\/incent-valuation.com\/","logo":{"@type":"ImageObject","inLanguage":"en-GB","@id":"https:\/\/incent-valuation.com\/#\/schema\/logo\/image\/","url":"https:\/\/incent-valuation.com\/wp-content\/uploads\/2020\/02\/cropped-INCENT-VALUATION-LOGO-blc-TRANSP-ombre.png","contentUrl":"https:\/\/incent-valuation.com\/wp-content\/uploads\/2020\/02\/cropped-INCENT-VALUATION-LOGO-blc-TRANSP-ombre.png","width":1248,"height":594,"caption":"Incent Valuation"},"image":{"@id":"https:\/\/incent-valuation.com\/#\/schema\/logo\/image\/"},"sameAs":["https:\/\/www.linkedin.com\/company\/incent-valuation\/"]}]}},"_links":{"self":[{"href":"https:\/\/incent-valuation.com\/en\/wp-json\/wp\/v2\/pages\/1539","targetHints":{"allow":["GET"]}}],"collection":[{"href":"https:\/\/incent-valuation.com\/en\/wp-json\/wp\/v2\/pages"}],"about":[{"href":"https:\/\/incent-valuation.com\/en\/wp-json\/wp\/v2\/types\/page"}],"author":[{"embeddable":true,"href":"https:\/\/incent-valuation.com\/en\/wp-json\/wp\/v2\/users\/7"}],"replies":[{"embeddable":true,"href":"https:\/\/incent-valuation.com\/en\/wp-json\/wp\/v2\/comments?post=1539"}],"version-history":[{"count":147,"href":"https:\/\/incent-valuation.com\/en\/wp-json\/wp\/v2\/pages\/1539\/revisions"}],"predecessor-version":[{"id":4222,"href":"https:\/\/incent-valuation.com\/en\/wp-json\/wp\/v2\/pages\/1539\/revisions\/4222"}],"wp:attachment":[{"href":"https:\/\/incent-valuation.com\/en\/wp-json\/wp\/v2\/media?parent=1539"}],"curies":[{"name":"wp","href":"https:\/\/api.w.org\/{rel}","templated":true}]}}